{"id":80,"date":"2026-04-16T17:04:30","date_gmt":"2026-04-16T16:04:30","guid":{"rendered":"https:\/\/www.vicrubus.com.mx\/?page_id=80"},"modified":"2026-04-17T00:08:42","modified_gmt":"2026-04-16T23:08:42","slug":"servicios","status":"publish","type":"page","link":"https:\/\/www.vicrubus.com.mx\/?page_id=80","title":{"rendered":"Servicios"},"content":{"rendered":"\t\t<div data-elementor-type=\"wp-page\" data-elementor-id=\"80\" class=\"elementor elementor-80\">\n\t\t\t\t<div class=\"elementor-element elementor-element-137e4dc e-grid e-con-boxed e-con e-parent\" data-id=\"137e4dc\" data-element_type=\"container\" data-e-type=\"container\">\n\t\t\t\t\t<div class=\"e-con-inner\">\n\t\t\t\t<div class=\"elementor-element elementor-element-ec4670f elementor-widget elementor-widget-text-editor\" data-id=\"ec4670f\" data-element_type=\"widget\" data-e-type=\"widget\" data-widget_type=\"text-editor.default\">\n\t\t\t\t\t\t\t\t\t<p style=\"text-align: center;\"><img decoding=\"async\" class=\" wp-image-90 aligncenter\" src=\"http:\/\/www.vicrubus.com.mx\/wp-content\/uploads\/2026\/04\/working_5449162-300x300.png\" alt=\"\" width=\"106\" height=\"106\" srcset=\"https:\/\/www.vicrubus.com.mx\/wp-content\/uploads\/2026\/04\/working_5449162-300x300.png 300w, https:\/\/www.vicrubus.com.mx\/wp-content\/uploads\/2026\/04\/working_5449162-150x150.png 150w, https:\/\/www.vicrubus.com.mx\/wp-content\/uploads\/2026\/04\/working_5449162.png 512w\" sizes=\"(max-width: 106px) 100vw, 106px\" \/><\/p><p style=\"text-align: center;\">Servicios de Contralor\u00eda Interna<\/p>\t\t\t\t\t\t\t\t<\/div>\n\t\t\t\t<div class=\"elementor-element elementor-element-a98cee8 elementor-widget elementor-widget-text-editor\" data-id=\"a98cee8\" data-element_type=\"widget\" data-e-type=\"widget\" data-widget_type=\"text-editor.default\">\n\t\t\t\t\t\t\t\t\t<p style=\"text-align: center;\"><img decoding=\"async\" class=\"alignnone wp-image-94 size-medium\" src=\"http:\/\/www.vicrubus.com.mx\/wp-content\/uploads\/2026\/04\/audit_11634041-300x300.png\" alt=\"\" width=\"106\" height=\"106 \" srcset=\"https:\/\/www.vicrubus.com.mx\/wp-content\/uploads\/2026\/04\/audit_11634041-300x300.png 300w, https:\/\/www.vicrubus.com.mx\/wp-content\/uploads\/2026\/04\/audit_11634041-150x150.png 150w, https:\/\/www.vicrubus.com.mx\/wp-content\/uploads\/2026\/04\/audit_11634041.png 512w\" sizes=\"(max-width: 300px) 100vw, 300px\" \/><\/p>\n<p style=\"text-align: center;\">Servicios de Contabilidad y Auditor\u00edas<\/p>\t\t\t\t\t\t\t\t<\/div>\n\t\t\t\t<div class=\"elementor-element elementor-element-a86b705 elementor-widget elementor-widget-text-editor\" data-id=\"a86b705\" data-element_type=\"widget\" data-e-type=\"widget\" data-widget_type=\"text-editor.default\">\n\t\t\t\t\t\t\t\t\t<p style=\"text-align: center;\"><img decoding=\"async\" class=\"alignnone wp-image-101 size-medium\" src=\"http:\/\/www.vicrubus.com.mx\/wp-content\/uploads\/2026\/04\/shipping_2083179-300x300.png\" alt=\"\" width=\"106\" height=\"106\" srcset=\"https:\/\/www.vicrubus.com.mx\/wp-content\/uploads\/2026\/04\/shipping_2083179-300x300.png 300w, https:\/\/www.vicrubus.com.mx\/wp-content\/uploads\/2026\/04\/shipping_2083179-150x150.png 150w, https:\/\/www.vicrubus.com.mx\/wp-content\/uploads\/2026\/04\/shipping_2083179.png 512w\" sizes=\"(max-width: 106px) 100vw, 106px\" \/><\/p>\n<p style=\"text-align: center;\">Servicios de Log\u00edstica<\/p>\t\t\t\t\t\t\t\t<\/div>\n\t\t\t\t\t<\/div>\n\t\t\t\t<\/div>\n\t\t\t\t<\/div>\n\t\t","protected":false},"excerpt":{"rendered":"<p>Servicios de Contralor\u00eda Interna Servicios de Contabilidad y Auditor\u00edas Servicios de Log\u00edstica<\/p>\n","protected":false},"author":1,"featured_media":0,"parent":0,"menu_order":0,"comment_status":"closed","ping_status":"closed","template":"","meta":{"footnotes":""},"class_list":["post-80","page","type-page","status-publish","hentry"],"_links":{"self":[{"href":"https:\/\/www.vicrubus.com.mx\/index.php?rest_route=\/wp\/v2\/pages\/80","targetHints":{"allow":["GET"]}}],"collection":[{"href":"https:\/\/www.vicrubus.com.mx\/index.php?rest_route=\/wp\/v2\/pages"}],"about":[{"href":"https:\/\/www.vicrubus.com.mx\/index.php?rest_route=\/wp\/v2\/types\/page"}],"author":[{"embeddable":true,"href":"https:\/\/www.vicrubus.com.mx\/index.php?rest_route=\/wp\/v2\/users\/1"}],"replies":[{"embeddable":true,"href":"https:\/\/www.vicrubus.com.mx\/index.php?rest_route=%2Fwp%2Fv2%2Fcomments&post=80"}],"version-history":[{"count":16,"href":"https:\/\/www.vicrubus.com.mx\/index.php?rest_route=\/wp\/v2\/pages\/80\/revisions"}],"predecessor-version":[{"id":104,"href":"https:\/\/www.vicrubus.com.mx\/index.php?rest_route=\/wp\/v2\/pages\/80\/revisions\/104"}],"wp:attachment":[{"href":"https:\/\/www.vicrubus.com.mx\/index.php?rest_route=%2Fwp%2Fv2%2Fmedia&parent=80"}],"curies":[{"name":"wp","href":"https:\/\/api.w.org\/{rel}","templated":true}]}}